{"id":7492,"date":"2022-03-14T14:54:45","date_gmt":"2022-03-14T13:54:45","guid":{"rendered":"https:\/\/www.etimbersale.com\/?page_id=7492"},"modified":"2022-03-14T14:55:43","modified_gmt":"2022-03-14T13:55:43","slug":"uvjeti-koristenja-i-pravila-privatnosti-ozujak-2022","status":"publish","type":"page","link":"https:\/\/www.etimbersale.com\/en\/uvjeti-koristenja-i-pravila-privatnosti-ozujak-2022\/","title":{"rendered":"Uvjeti kori\u0161tenja i pravila privatnosti o\u017eujak 2022"},"content":{"rendered":"\n<ol><li><strong>Op\u0107i podaci o stranici<\/strong><\/li><\/ol>\n\n\n\n<p>Ova stranica je u vlasni\u0161tvu trgova\u010dkog dru\u0161tva ARForest dru\u0161tvo s ograni\u010denom odgovorno\u0161\u0107u za \u0161umarstvo i lovstvo, sa sjedi\u0161tem u mjestu Trojstveni Markovac (Grad Bjelovar), Trojstvena 94, upisano u sudski registar Trgova\u010dkog suda u Bjelovaru pod mati\u010dnim brojem MBS: 010126554, OIB: 30680039126.<\/p>\n\n\n\n<p>Trgova\u010dko dru\u0161tvo se, izme\u0111u ostalih djelatnosti, bavi djelatno\u0161\u0107u posredovanja u prodaji drva i drvne mase, a koje posredovanje \u0107e obavljati i putem ove web stranice i to na na\u010din da \u0107e se na predmetnoj stranici odr\u017eavati on-line aukcije za prodaju drva i drvne mase, sve sukladno ovim uvjetima kori\u0161tenja i politikom privatnosti(dalje u tekstu: Uvjeti) i ostalim pravilima i pozitivnim propisima. U tom smislu, ovo dru\u0161tvo bit \u0107e organizator on-line aukcija (dalje u tekstu: Organizator).<\/p>\n\n\n\n<p>Na ove uvjete kori\u0161tenja i poslovanja na ovoj web stranici primjenjuju se Zakon o trgovini, Zakon o elektroni\u010dkoj trgovini, Zakon o obveznim odnosima, te ostali primjenjivi propisi u Republici Hrvatskoj.<\/p>\n\n\n\n<p>Kori\u0161tenjem ove web stranice za kupnju proizvoda, smatra se da ste u cijelosti pro\u010ditali, razumjeli i prihvatili prava i obveze iz ovih Uvjeta kori\u0161tenja. Kori\u0161tenjem ove web stranice, obvezujete se po\u0161tivati ove Uvjete kori\u0161tenja te ste suglasni da se oni na Vas u cijelosti primjenjuju.<\/p>\n\n\n\n<p>Ovi uvjeti kori\u0161tenja objavljeni su na hrvatskom i engleskom jeziku.<\/p>\n\n\n\n<p>Svi korisnici stranice mogu zatra\u017eiti podr\u0161ku vezano uz kori\u0161tenje stranice na sljede\u0107e na\u010dine:&nbsp;<\/p>\n\n\n\n<p>Kontakt putem adrese: ARForest d.o.o., Trojstveni Markovac, Trojstvena 94 i <br\/>e-mail adrese: <a href=\"mailto:info@etimbersale.com\">info@etimbersale.com<\/a><br\/>na broj telefona +385 <a href=\"tel:+385916155876\">91 615 5876<\/a><br\/>ili&nbsp; +385 98 428 010 u vremenu od 8:00 do 14:00 svaki radni dan.<\/p>\n\n\n\n<div style=\"height:23px\" aria-hidden=\"true\" class=\"wp-block-spacer\"><\/div>\n\n\n\n<ol start=\"2\"><li><strong>Sudionici aukcija \u2013 pravne osobe<\/strong><\/li><\/ol>\n\n\n\n<p>Na ovoj stranici isklju\u010divo \u0107e se obavljati trgovina drva izme\u0111u pravnih osoba, kako kupaca tako i prodavatelja. Fizi\u010dke osobe nemaju pravo sudjelovati na aukcijama na ovim stranicama niti kao kupci niti kao prodavatelji.<\/p>\n\n\n\n<div style=\"height:23px\" aria-hidden=\"true\" class=\"wp-block-spacer\"><\/div>\n\n\n\n<ol start=\"3\"><li><strong>Prihva\u0107anje Uvjeta kori\u0161tenja i registracija sudionika na stranici<\/strong><\/li><\/ol>\n\n\n\n<p>Svaki sudionik aukcije koji \u017eeli sudjelovati na aukcijama kao kupac mora se registrirati na web stranici popunjavanjem podatka pod \u201eRegistracija\u201c. Registracijom na stranici smatra se da je kupac pristao i pro\u010ditao Uvjete kori\u0161tenja web stranice. Nakon popunjavanja podataka svaki potencijalni&nbsp; kupac \u0107e zaprimiti od Organizatora&nbsp; link na&nbsp; PDF obrazac koji treba popuniti, potpisati i vratiti mailom na adresu <a href=\"mailto:info@etimbersale.com\">info@etimbersale.com<\/a> radi potvrde statusa pravne osobe prijavljenog kupca, nakon \u010dega \u0107e mu Organizator poslati zaporku putem koje \u0107e mu omogu\u0107iti pristup on-line aukcijama u sustavu.<\/p>\n\n\n\n<p>Svaki kupac mo\u017ee se odjaviti u bilo koje doba, te ponovo prijaviti.<\/p>\n\n\n\n<p>Svaki sudionik koji \u017eeli sudjelovati kao prodavatelj mora poslati svoje podatke i podatke o predmetu prodaje na <a href=\"mailto:info@etimbersale.com\">info@etimbersale.com<\/a>. Nakon toga, prodavatelj \u0107e od Organizatora zaprimiti ugovor kojim \u0107e se odrediti svi uvjeti kori\u0161tenja stranice i naknade za prodavatelja, potpisom kojeg \u0107e prihvatiti i ove Uvjete.&nbsp;&nbsp;<\/p>\n\n\n\n<p>Organizator mo\u017ee izmijeniti ove Uvjete svakodobno, no obvezuje se uvijek imati va\u017ee\u0107e Uvjete na stranicama, kao&nbsp; i po potrebi prethodne verzije Uvjeta s naznakom stupanja na snagu i trajanja svake verzije, kako bi sudionici u svako doba mogli dobiti uvid u Uvjete koji su bili na snazi u trenutku njihovog sudjelovanja na aukciji. Organizator se obvezuje svakom sudioniku, na zahtjev, poslati Op\u0107e uvjete va\u017ee\u0107e u trenutku kada je sudjelovao na pojedinoj aukciji, a osobito se obvezuje dostaviti Uvjete u PDF-u u trenutku dostavljanja ra\u010duna dobitniku aukcije.&nbsp;&nbsp;<\/p>\n\n\n\n<div style=\"height:23px\" aria-hidden=\"true\" class=\"wp-block-spacer\"><\/div>\n\n\n\n<ol start=\"4\"><li><strong>Prikupljanje i za\u0161tita osobnih podataka, kola\u010di\u0107i<\/strong><\/li><\/ol>\n\n\n\n<p>Organizator aukcije obvezuje se kao voditelj obrade, na za\u0161titu osobnih podataka na primjeren na\u010din, po\u0161tuju\u0107i sva pravila Uredbe EU 2016\/679 Europskog parlamenta i Vije\u0107a od 27. travnja 2016. o za\u0161titi pojedinaca u vezi s obradom osobnih podataka i o slobodnom kretanju takvih podataka (dalje: Uredba), Zakona o provedbi Op\u0107e uredbe o za\u0161titi podataka (NN 42\/2018) i ostalih propisa koji ure\u0111uju predmetno podru\u010dje, a imaju primjenu u Republici Hrvatskoj. Svaki korisnik stranice i sudionik aukcije odgovara za to\u010dnost svih danih podataka tijekom procesa registracije, pregleda ili on-line aukcije&nbsp; na ovoj stranici.<\/p>\n\n\n\n<p>Na ovoj web stranici ne\u0107e biti javne objave osobnih podataka niti bilo kakvih podataka kupaca on-line aukcije.&nbsp;<\/p>\n\n\n\n<p>Podaci o prodavatelju kao pravnoj osobi (i fizi\u010dkoj ako se radi o obrtu i vlasniku obrta), kontakt podaci prodavatelja (ime i prezime, kontakt telefon, adresa, e-maila dresa), opis i mjesto gdje se nalaze predmeti aukcije, bit \u0107e objavljeni na stranicama za cijelo vrijeme trajanja on-line aukcije, za vrijeme kojeg razdoblja se drvo i drvna masa mogu razgledavati na lokaciji odre\u0111enoj od strane prodavatelja.<\/p>\n\n\n\n<p>Na ovoj stranici prvenstveno ostavljate podatke pravne osobe (osim ako ste obrtnik, tada ostavljate i osobne podatke) no dostava odre\u0111enih osobnih podataka uvijek je nu\u017ena kako bismo lak\u0161e komunicirali i ostvarili kupoprodaju izme\u0111u kupca i prodavatelja.<\/p>\n\n\n\n<p><strong>Kupci<\/strong><\/p>\n\n\n\n<p>Prilikom Va\u0161e prve registracije na web stranici kao kupca, upisujete isklju\u010divo kontakt e-mail adresu&nbsp;&nbsp;<\/p>\n\n\n\n<p>i privremenu zaporku. Na upisani kontakt e-mail \u0107ete zaprimiti link na registracijski obrazac i koristiti \u0107e se za daljnju komunikaciju.<\/p>\n\n\n\n<p>Na registracijskom obrascu, osim podataka o pravnoj osobi, dostavit \u0107ete nam ime i prezime ovla\u0161tene osobe za zastupanje, kontakt osobe za komunikaciju, te broj telefona za komunikaciju i realizaciju kupoprodaje.&nbsp;<\/p>\n\n\n\n<p>Nakon ovoga dobit \u0107ete odobrenje za sudjelovanje tj. automatizirani mail sa novom (pravom) zaporkom.<\/p>\n\n\n\n<p>U slu\u010daju da na aukciji kupite odre\u0111eni predmet aukcije, Va\u0161e podatke i obrazac dostavljamo prodavatelju radi izdavanja ra\u010duna te eventualno kontaktiranje vezano isklju\u010divo uz izvr\u0161enje sklopljenog kupoprodajnog ugovora.<\/p>\n\n\n\n<p>Prilikom Va\u0161e kupnje i\/ili sudjelovanja na aukciji na ovoj web stranici obra\u0111ujemo navedene osobne podatke koje ste upisali u registracijski obrazac u svrhu identifikacije Vas kao Kupca, sklapanja i ispunjenja jednokratnog kupoprodajnog ugovora na daljinu, dostave podataka prodavatelju, kako bi vas on mogao naknadno kontaktirati, izdati vam valjani ra\u010dun te radi dogovora oko daljnjeg preuzimanja predmeta aukcije. Pravni temelj prikupljanja podataka je upravo ispunjenje kupoprodajnog ugovora u kojem je kupac stranka. Tako\u0111er, obrada je nu\u017ena radi po\u0161tovanja pravnih obveza voditelja obrade (primjerice e-mail je nu\u017ean i za ispunjenje obveze slanja potvrde o sklopljenom ugovoru).<\/p>\n\n\n\n<p><strong>Prodavatelji<\/strong><\/p>\n\n\n\n<p>Prodavatelji \u0107e u kontaktu s Organizatorom, voditeljem obrade, tako\u0111er dostaviti voditelju obrade registracijski obrazac koji sadr\u017ei iste podatke kao obrazac za kupce, a radi kontaktiranja i sklapanja ugovora o naknadi s voditeljem obrade.<\/p>\n\n\n\n<p>Podatke o kupcima i prodavateljima koji su sudjelovali na on line aukciji i\/ili su se samo registrirali u namjeri sudjelovanja, voditelj obrade \u010duvat \u0107e&nbsp; najdu\u017ee 5 godina od dana registracije. Podatke o kupcima i prodavateljima koji su na on-line aukciji realizirali prodaju proizvoda voditelj obrade \u010duvat \u0107e 10 godina, odnosno i du\u017ee, ako odre\u0111eni ra\u010dunovodstveni i ostali propisi eventualno nala\u017eu du\u017ee \u010duvanje.<\/p>\n\n\n\n<p>Prilikom posjeta na\u0161oj web stranici prikupljamo kola\u010di\u0107e, (male datoteke koje se spremaju na Va\u0161e ra\u010dunalo pri pristupanju internetskim stranicama kako bi se omogu\u0107ila osnovna ili dodatna funkcionalnost tih stranica) i druge tehnologije koje olak\u0161avaju isporu\u010divanje sadr\u017eaja ovisno o Va\u0161im podru\u010djima interesa, obra\u0111ivanje kupnje, analiziranje karakteristika Va\u0161ih posjeta i dr. Kola\u010di\u0107i se ne mogu upotrebljavati za otkrivanje Va\u0161eg osobnog identiteta. Uvijek mo\u017eete obrisati kola\u010di\u0107e koje su spremljeni na Va\u0161em ra\u010dunalu, na taj na\u010din onemogu\u0107avate daljnju obradu Va\u0161ih osobnih podataka putem takve tehnologije. Svaki internetski preglednik ima svoj postupak brisanja kola\u010di\u0107a.&nbsp;<\/p>\n\n\n\n<p>Druga osnova prikupljanja osobnih podataka je privola korisnika stranice koji su se registrirali na predvi\u0111en na\u010din, da im Organizator periodi\u010dno dostavlja obavijesti vezano uz nadolaze\u0107e aukcije. Privola se daje izri\u010ditim pristankom prilikom registracije\/ prihva\u0107anjem ovih Op\u0107ih uvjeta i politike privatnosti prije same registracije. Tako\u0111er, Organizator ima i legitiman interes svim korisnicima slati takve obavijesti, a svaki korisnik mo\u017ee zatra\u017eiti da ga Organizator ukloni s liste za slanje predmetnih obavijesti, prilikom zaprimanja svake takve obavijesti ili bez obzira na obavijest na e-mail adresi: <a href=\"mailto:info@etimbersale.com\">info@etimbersale.com<\/a>. Rok obrade i \u010duvanja osobnih podataka u svrhu slanja obavijesti&nbsp; je identi\u010dan je ve\u0107 navedenim rokovima za \u010duvanje podataka op\u0107enito (5 ili 10 godina). Privolu mo\u017eete povu\u0107i u bilo koje vrijeme i besplatno putem e-maila na adresu: info@etimbersale.com. Povla\u010denje privole ne utje\u010de na zakonitost obrade koja se temeljila na privoli prije nego \u0161to je ona povu\u010dena.<\/p>\n\n\n\n<p>Bez obzira na osnovu prikupljanja podataka, svi korisnici na\u0161ih web stranica mogu besplatno ostvariti sljede\u0107a prava u granicama koje propisuje Uredba:<\/p>\n\n\n\n<p>\u2022 Pravo na informiranje<\/p>\n\n\n\n<p>\u2022 Pravo na brisanje (\u201epravo na zaborav\u201c)<\/p>\n\n\n\n<p>\u2022 Pravo na pristup podacima&nbsp;<\/p>\n\n\n\n<p>\u2022 Pravo na ispravak<\/p>\n\n\n\n<p>\u2022 Pravo na prenosivost podataka&nbsp;<\/p>\n\n\n\n<p>\u2022 Pravo na prigovor: ako voditelj obrade obra\u0111uje podatke na temelju svojih legitimnih interesa koji su ja\u010di od interesa ispitanika<\/p>\n\n\n\n<p>\u2022 Pravo na ograni\u010denje obrade&nbsp;<\/p>\n\n\n\n<p>U svakom slu\u010daju imate i pravo:<\/p>\n\n\n\n<p>\u2022 podnijeti prigovor Organizatoru,&nbsp;<\/p>\n\n\n\n<p>\u2022 podnijeti pritu\u017ebu nadzornom tijelu (Agencija za za\u0161titu osobnih podataka) ako smatrate da su vam povrije\u0111ena prava na za\u0161titu podataka.&nbsp;<\/p>\n\n\n\n<p>Svakodobno mo\u017eete kontaktirati voditelja obrade putem e-mail adrese: <a href=\"mailto:info@etimbersale.com\">info@etimbersale.com<\/a> odnosno putem po\u0161te na adresu ARForest d.o.o., Trojstvena 94, 43000 Bjelovar, za pitanja vezana uz za\u0161titu osobnih podataka i za ostvarenje svojih prava zajam\u010denih Op\u0107om uredbom o za\u0161titi podataka.<\/p>\n\n\n\n<p>Podaci \u0107e biti pohranjeni unutar na\u0161eg on-line sustava za\u0161ti\u0107eni HTTPS enkripcijom.<\/p>\n\n\n\n<div style=\"height:23px\" aria-hidden=\"true\" class=\"wp-block-spacer\"><\/div>\n\n\n\n<ol start=\"5\"><li><strong>Cijena usluge odr\u017eavanja on-line aukcije<\/strong><\/li><\/ol>\n\n\n\n<p>Registracija i sudjelovanje kupaca na aukcijama je besplatno. Prodavatelji za uspje\u0161no prodane predmete on-line aukcije pla\u0107aju Naknadu sukladno Cjeniku&nbsp; pod to\u010dkom 8. ovih Uvjeta i sklopljenom ugovoru.<\/p>\n\n\n\n<div style=\"height:23px\" aria-hidden=\"true\" class=\"wp-block-spacer\"><\/div>\n\n\n\n<ol start=\"6\"><li><strong>Po\u010detna cijena predmeta aukcije<\/strong><\/li><\/ol>\n\n\n\n<p>Prodavatelj samostalno odre\u0111uje po\u010detnu (minimalnu) cijenu po svojoj \u017eelji. Nadalje, prodavatelj odre\u0111uje i skalu pove\u0107anja cijene na na\u010din da \u0107e se kupcu prikazati u padaju\u0107em izborniku ponu\u0111ene vi\u0161e cijene koje mo\u017ee izabrati i ponuditi, \u010dime se i smanjuje mogu\u0107nost pogre\u0161nog upisivanja ponuda.&nbsp;<\/p>\n\n\n\n<p>Cijene ne sadr\u017ee tro\u0161kove odvoza\/dovoza\/dostave, niti bilo kakve druge tro\u0161kove povezane s kupoprodajom,&nbsp; a uz svaku cijenu svakog artikla bit \u0107e istaknuto da je cijena bez PDV-a te da \u0107e se na istu u svakom slu\u010daju obra\u010dunati PDV, kao i na kona\u010dnu&nbsp; ponu\u0111enu cijenu od strane kupaca.<\/p>\n\n\n\n<div style=\"height:23px\" aria-hidden=\"true\" class=\"wp-block-spacer\"><\/div>\n\n\n\n<ol start=\"7\"><li><strong>Pravila sudjelovanja na aukciji<\/strong><\/li><\/ol>\n\n\n\n<p>U svakoj aukciji mo\u017ee sudjelovati samo prodavatelj koji se je registrirao, sklopio odgovaraju\u0107i ugovor s Organizatorom aukcije&nbsp; i odredio minimalne cijene aukcije za svaki predmet prodaje, sliku i opis predmeta, te dostavio&nbsp; sve relevantne podatke o predmetu prodaje.<\/p>\n\n\n\n<p>U svakoj aukciji mogu sudjelovati kupci koji su se valjano registrirali te kojima je registracija potvr\u0111ena e-mailom od strane organizatora sukladno ovim Uvjetima.&nbsp;<\/p>\n\n\n\n<p>Organizator aukcije (ARForest d.o.o.)&nbsp; ne sudjeluje niti u jednom dijelu prodaje osim pru\u017eanja usluga kori\u0161tenja ove web stranice i usluga organiziranja aukcije. Organizator se ne mo\u017ee smatrati punomo\u0107nikom niti zastupnikom niti predstavnikom bilo strane prodavatelja ili kupca te isti ne sudjeluje niti u jednoj transakciji izme\u0111u Korisnika.<\/p>\n\n\n\n<p>Kupoprodaja se odvija isklju\u010divo izme\u0111u prodavatelja i kupca.<\/p>\n\n\n\n<p>Nakon najave aukcije bit \u0107e dostupne informacije o&nbsp; tome gdje se svaki pojedini predmet nalazi i gdje i u kojem vremenu se mo\u017ee razgledavati te obavijest o po\u010detku i trajanju aukcije za svaki pojedini predmet ili za odre\u0111enu grupu predmeta aukcije zajedni\u010dki.<\/p>\n\n\n\n<p>Na stranicama na kojima se odr\u017eava aukcija bit \u0107e uvijek vidljiva obavijest o trenutnoj najvi\u0161oj ponudi i o preostalom vremenu trajanja aukcije za svaki pojedini predmet kupoprodaje.<\/p>\n\n\n\n<p>Aukcija se odr\u017eava isklju\u010divo on \u2013 line. Svaka ponuda koju kupac da smatra se obvezuju\u0107om ponudom koja se ne mo\u017ee opozvati. Po zavr\u0161etku aukcije najbolji ponu\u0111a\u010d bit \u0107e obavije\u0161ten porukom da je njegova cijena prihva\u0107ena i da se slanjem takve poruke smatra da je sklopljen ugovor o kupoprodaji izme\u0111u kupca i prodavatelja. Tako\u0111er, kupac \u0107e u naredna dva radna dana zaprimiti mailom i ra\u010dun za izvr\u0161enu kupoprodaju koji dospijeva na pla\u0107anje u roku od 7 dana od dana izdavanja ra\u010duna.&nbsp;<\/p>\n\n\n\n<p>Nakon zavr\u0161etka aukcije na stranici \u0107e biti vidljivo da je predmet prodan te \u0107e biti vidljiva i prodajna cijena, bez ikakvih daljnjih podataka o kupcu i prodavatelju.<\/p>\n\n\n\n<p>Nakon \u0161to kupac izvr\u0161i pla\u0107anje po izdanom ra\u010dunu prodavatelja, te uplata bude evidentirana na ra\u010dunu prodavatelja, prodavatelj \u0107e izdati naloga za otpremu kupljene drvne mase, a ista se mo\u017ee preuzeti franco \u0161umska cesta uz prethodnu najavu i to u roku od 14 dana od dana zaprimljene uplate.&nbsp;<\/p>\n\n\n\n<p>U slu\u010daju ne ispunjavana obveza iz ovih Uvjeta, a vezano uz izvr\u0161enu kupoprodaju, i kupac i prodavatelj imaju sva prava iz Zakona o obveznim odnosima, a koja stranke ugovornog odnosa imaju u slu\u010daju neispunjenja ugovora (osobito prava na naknadu \u0161tete i na raskid ugovora).<\/p>\n\n\n\n<p>Ugovor \u0107e se smatrati automatski raskinutim ako kupac ne plati postignutu cijenu u roku od 7 dana od dana izdavanja ra\u010duna, niti u roku od dva dana od poziva prodavatelja na pla\u0107anje.<\/p>\n\n\n\n<div style=\"height:23px\" aria-hidden=\"true\" class=\"wp-block-spacer\"><\/div>\n\n\n\n<ol start=\"8\"><li><strong>Cjenik za prodavatelje<\/strong><\/li><\/ol>\n\n\n\n<p>Cjenik za prodavatelje bit \u0107e dostavljen svakom prodavatelju kao prilog ugovoru.<\/p>\n\n\n\n<div style=\"height:23px\" aria-hidden=\"true\" class=\"wp-block-spacer\"><\/div>\n\n\n\n<ol start=\"9\"><li><strong>Rizik korisnika<\/strong><\/li><\/ol>\n\n\n\n<p>ARForest d.o.o. ne preuzima odgovornost niti jamstvo za bilo koji predmet prikazan ili prodan na ovim stranicama uklju\u010duju\u0107i:<\/p>\n\n\n\n<ul><li>To\u010dnost podataka o prodavatelju ili kupcu<\/li><li>Pravo vlasni\u0161tva prodavatelja nad predmetom prodaje<\/li><li>Sadr\u017eaj,&nbsp; opis, vrijednost, kvalitetu i legalnost bilo kojeg predmeta na ovim stranicama<\/li><li>To\u010dnost ili istinitost opisa, te cijene i uvjeta raspolo\u017eivosti&nbsp;&nbsp;<\/li><li>Spremnost prodavatelja da provede transakciju<\/li><li>Autorska i srodna prava na objavljenim fotografijama i predmetima<\/li><\/ul>\n\n\n\n<p>Postavljanjem drvne&nbsp; mase za prodaju na stranice www.etimbersale.com, pod materijalnom i kaznenom odgovorno\u0161\u0107u Prodavatelj potvr\u0111uje da je isti vlasnik predmeta koji prodaje, odnosno da ima sva zakonska prava za prodaju tog predmeta na stranicama www.etimbersale.com.<br><\/p>\n\n\n\n<p>ARForest d.o.o. se osloba\u0111a svake odgovornosti za bilo kakve materijalne ili pravne nedostatke na objavljenim i\/ili kupljenom drvnom masom od strane Kupaca.<br><\/p>\n\n\n\n<p>Prodavatelji i Kupci obvezuju se sve sporove vezane za pojedinu kupoprodaju rje\u0161avati isklju\u010divo me\u0111usobno te osloba\u0111aju ARForest d.o.o. bilo kakve odgovornosti za \u0161tetu bilo koje vrste, nastale kao posljedica takvih odnosa.<\/p>\n\n\n\n<div style=\"height:23px\" aria-hidden=\"true\" class=\"wp-block-spacer\"><\/div>\n\n\n\n<ol start=\"10\"><li><strong>Autorska i srodna prava<\/strong><\/li><\/ol>\n\n\n\n<p>Prodavatelj je isklju\u010divo odgovoran za objavljivanje svake fotografije koju je postavio na internet stranice www.etimbersale.com. Postavljanjem fotografije predmeta na stranice www.etimbersale.com pod materijalnom i kaznenom odgovorno\u0161\u0107u Prodavatelj potvr\u0111uje da je isti autor objavljene fotografije i teksta, odnosno da ima sva zakonska prava za objavljivanje predmetne fotografije i teksta uz fotografiju na stranice www.etimbersale.com.&nbsp;<\/p>\n\n\n\n<p>U slu\u010daju da ARForest d.o.o. zaprime bilo kakav zahtjev za naknadom \u0161tete postavljen od strane tre\u0107ih osoba, a vezan za kr\u0161enje autorskih i srodnih prava objavom neke od fotografija, Prodavatelj u cijelosti preuzima odgovornost, te je u obvezi u cijelosti nadoknaditi ARForest d.o.o. svu \u0161tetu i tro\u0161kove koji bi mogli nastati na temelju takvog zahtjeva. Takvi zahtjevi mogu uklju\u010divati (ali nisu ograni\u010deni na) postavljanje od\u0161tetnih zahtjeva i tu\u017ebu radi naknade \u0161tete zbog kr\u0161enja autorskih i srodnih prava.<br>U slu\u010daju podno\u0161enja kaznene prijave od strane autora pojedinih fotografija protiv ARForest d.o.o. radi pojedine objave fotografije na stranicama www.etimbersale.com Prodavatelj preuzima i kaznenu i materijalnu odgovornost za sve predmete koje je isti objavio.<\/p>\n\n\n\n<div style=\"height:23px\" aria-hidden=\"true\" class=\"wp-block-spacer\"><\/div>\n\n\n\n<ol start=\"11\"><li><strong>Odgovornost u slu\u010daju nedostupnosti stranica<\/strong><\/li><\/ol>\n\n\n\n<p>ARForest d.o.o. ne snosi odgovornost za eventualnu nedostupnost internet stranica www.etimbersale.com.<br><\/p>\n\n\n\n<p>Tako\u0111er, ne snosi odgovornost za tehni\u010dke probleme koji mogu nastati pri kori\u0161tenju stranica, te dovesti do nemogu\u0107nosti sudjelovanja u odre\u0111enim aukcijama.<\/p>\n\n\n\n<p><br>ARForest d.o.o. ima pravo u slu\u010daju najavljenog i predvi\u0111enog odr\u017eavanja web stranice za 24 sata produ\u017eiti sve aukcije koje zavr\u0161avaju u vrijeme nedostupnosti servisa.<\/p>\n\n\n\n<div style=\"height:23px\" aria-hidden=\"true\" class=\"wp-block-spacer\"><\/div>\n\n\n\n<ol start=\"12\"><li><strong>&nbsp;Podaci i korisni\u010dki ra\u010dun<\/strong><\/li><\/ol>\n\n\n\n<p>Podaci korisnika su definirani kao informacije koje ostavljate prilikom registracije ili sudjelovanja u aktivnostima na www.etimbersale.com. Za to\u010dnost podataka odgovara svaki pojedini registrirani Korisnik.<\/p>\n\n\n\n<p>Ukoliko se korisnik registrira pod la\u017enim imenom, adresom i brojem telefona, u namjeri da ometa funkcioniranje sustava www.etimbersale.com, te prilikom toga bilo kakvim uno\u0161enjem neto\u010dnih i la\u017enih podataka ometa funkcioniranje ra\u010dunalnog sustava www.etimbersale.com s ciljem prouzro\u010denja materijalne ili nematerijalne \u0161tete drugome (fizi\u010dkoj ili pravnoj osobi), istom \u0107e korisniku biti odmah onemogu\u0107en daljnji pristup kori\u0161tenju sustava <a href=\"http:\/\/www.etimbersale.com\">www.etimbersale.com<\/a>.<\/p>\n\n\n\n<p><br>ARForest d.o.o. pridr\u017eavaju pravo podno\u0161enja kaznene prijave nadle\u017enim institucijama protiv takvog korisnika, budu\u0107i da su se u takvom pona\u0161anju korisnika stekla bitna obilje\u017eja kaznenog djela iz \u010dl 223 a Kaznenog zakona. &#8211; &#8216;ra\u010dunalnog krivotvorenja&#8217;.<\/p>\n\n\n\n<p>ARForest d.o.o. ima pravo bez obrazlo\u017eenja odbiti novu registraciju Korisnika \u010diji je korisni\u010dki ra\u010dun ve\u0107 bio zatvoren zbog bilo kakvog pona\u0161anja i aktivnosti suprotnih ovim Uvjetima kori\u0161tenja.&nbsp;<\/p>\n\n\n\n<p>U tu svrhu, ARForest d.o.o. vodi evidenciju suspendiranih korisnika.<\/p>\n\n\n\n<div style=\"height:23px\" aria-hidden=\"true\" class=\"wp-block-spacer\"><\/div>\n\n\n\n<ol start=\"13\"><li><strong>Preno\u0161enje sadr\u017eaja s www.etimbersale.com<\/strong><\/li><\/ol>\n\n\n\n<p>Nije dozvoljeno preno\u0161enje sadr\u017eaja sa stranica www.etimbersale.com (uklju\u010duju\u0107i tekst i slike predmeta na prodaji), te kopiranje i upotreba bilo kojeg dijela stranica www.etimbersale.com bez prethodnog pismenog zahtjeva i odobrenja ARForest d.o.o.<\/p>\n\n\n\n<div style=\"height:23px\" aria-hidden=\"true\" class=\"wp-block-spacer\"><\/div>\n\n\n\n<ol start=\"14\"><li><strong> Pristupanje na www.etimbersale.com s mobilnih ure\u0111aja<\/strong><\/li><\/ol>\n\n\n\n<p>Obzirom na velik broj razli\u010ditih ure\u0111aja, operativnih sustava, protokola i aplikacija, kao i u\u010destale promjene istih, www.etimbersale.com ne jam\u010de da \u0107e se svaka funkcionalnost ispravno pona\u0161ati na svakom mobilnom ure\u0111aju (pametni telefon, smartphone).<\/p>\n\n\n\n<div style=\"height:23px\" aria-hidden=\"true\" class=\"wp-block-spacer\"><\/div>\n\n\n\n<ol start=\"15\"><li><strong>Stupanje na snagu<\/strong><\/li><\/ol>\n\n\n\n<p>Ovi Uvjeti kori\u0161tenja i politike privatnosti primjenjuju se od 25.1.2022. godine.<\/p>\n\n\n\n<p>ARForest d.o.o. zadr\u017eava pravo izmjene ovih Op\u0107ih uvjeta i odredbi u bilo kojem trenutku, bez prethodne najave.<\/p>\n\n\n\n<p>Sve izmjene ovih Op\u0107ih uvjeta i odredbi \u0107e biti objavljene putem ove internetske stranice te \u0107e biti objavljen datum stupanja na snagu istih.<br><\/p>\n\n\n\n<p>Kontakt:<\/p>\n\n\n\n<p>ARForest d.o.o.<\/p>\n\n\n\n<p>OIB: 30680039126,<\/p>\n\n\n\n<p>Trojstveni Markovac, Trojstvena 94,<\/p>\n\n\n\n<p>43000 Bjelovar, Hrvatska<\/p>\n\n\n\n<p>Tel: + 385 98 428 010 ili +385 <a href=\"tel:+385916155876\">91 615 5876<\/a><\/p>\n\n\n\n<p>E-mail: <a href=\"mailto:info@etimbersale.com\">info@etimbersale.com<\/a><\/p><p>Radno vrijeme : svaki radni dan od 8:00 do 14:00<\/p>\n","protected":false},"excerpt":{"rendered":"<p>Op\u0107i podaci o stranici Ova stranica je u vlasni\u0161tvu trgova\u010dkog dru\u0161tva ARForest dru\u0161tvo s ograni\u010denom odgovorno\u0161\u0107u za \u0161umarstvo i lovstvo, sa sjedi\u0161tem u mjestu Trojstveni Markovac (Grad Bjelovar), Trojstvena 94, upisano u sudski registar Trgova\u010dkog suda u Bjelovaru pod mati\u010dnim brojem MBS: 010126554, OIB: 30680039126. Trgova\u010dko dru\u0161tvo se, izme\u0111u ostalih [&hellip;]<\/p>\n","protected":false},"author":58,"featured_media":0,"parent":0,"menu_order":0,"comment_status":"closed","ping_status":"closed","template":"","meta":[],"_links":{"self":[{"href":"https:\/\/www.etimbersale.com\/en\/wp-json\/wp\/v2\/pages\/7492"}],"collection":[{"href":"https:\/\/www.etimbersale.com\/en\/wp-json\/wp\/v2\/pages"}],"about":[{"href":"https:\/\/www.etimbersale.com\/en\/wp-json\/wp\/v2\/types\/page"}],"author":[{"embeddable":true,"href":"https:\/\/www.etimbersale.com\/en\/wp-json\/wp\/v2\/users\/58"}],"replies":[{"embeddable":true,"href":"https:\/\/www.etimbersale.com\/en\/wp-json\/wp\/v2\/comments?post=7492"}],"version-history":[{"count":2,"href":"https:\/\/www.etimbersale.com\/en\/wp-json\/wp\/v2\/pages\/7492\/revisions"}],"predecessor-version":[{"id":7494,"href":"https:\/\/www.etimbersale.com\/en\/wp-json\/wp\/v2\/pages\/7492\/revisions\/7494"}],"wp:attachment":[{"href":"https:\/\/www.etimbersale.com\/en\/wp-json\/wp\/v2\/media?parent=7492"}],"curies":[{"name":"wp","href":"https:\/\/api.w.org\/{rel}","templated":true}]}}